{"id":128,"date":"2026-04-29T07:40:11","date_gmt":"2026-04-29T07:40:11","guid":{"rendered":"https:\/\/mvmry.fi\/?page_id=128"},"modified":"2026-04-29T14:10:27","modified_gmt":"2026-04-29T14:10:27","slug":"kantama-lehti","status":"publish","type":"page","link":"https:\/\/mvmry.fi\/index.php\/kantama-lehti\/","title":{"rendered":"KANTAMA-lehti"},"content":{"rendered":"\n<p>KANTAMA on yhdistyksemme oma julkaisu, joka kokoaa yhteen tietoa, tarinoita ja n\u00e4k\u00f6kulmia varautumisesta, turvallisuudesta, osallisuudesta ja yhteiskunnallisesta vaikuttamisesta.<\/p>\n\n\n\n<p>Lehden tavoitteena on tehd\u00e4 t\u00e4rkeist\u00e4 yhteiskunnallisista aiheista ymm\u00e4rrett\u00e4vi\u00e4 ja saavutettavia my\u00f6s niille, joille suomalainen turvallisuus- ja varautumiskentt\u00e4 on viel\u00e4 uusi.<\/p>\n\n\n\n<p><strong>KANTAMA<\/strong> perustuu luotettavaan, viranomaisten ja asiantuntijoiden tuottamaan tietoon. Haluamme tarjota vaihtoehdon verkossa levi\u00e4v\u00e4lle ep\u00e4varmalle ja tarkistamattomalle tiedolle sek\u00e4 vahvistaa maahanmuuttajataustaisten ihmisten mahdollisuutta saada selke\u00e4\u00e4 ja oikeaa tietoa turvallisuudesta ja varautumisesta.<\/p>\n\n\n\n<p>Samalla <strong>KANTAMA<\/strong> ei ole pelkk\u00e4 viranomaistiedon v\u00e4litt\u00e4j\u00e4. Haluamme tuoda luotettavan tiedon rinnalle ihmisten omia kokemuksia, kysymyksi\u00e4 ja tarinoita. N\u00e4in rakennamme siltaa viranomaisten, j\u00e4rjest\u00f6jen ja eri yhteis\u00f6jen v\u00e4lille \u2014 ja teemme turvallisuudesta yhteisen asian.<\/p>\n\n\n\n<p><strong>KANTAMA ilmestyy suomeksi, selkosuomeksi sek\u00e4 yhdeks\u00e4ll\u00e4 muulla kielell\u00e4, jotta luotettava tieto tavoittaisi mahdollisimman monia eri kieliryhmi\u00e4 ja olisi ymm\u00e4rrett\u00e4v\u00e4\u00e4 my\u00f6s niille, joille viranomaisten k\u00e4ytt\u00e4m\u00e4 kieli on vaikeaa.<\/strong><\/p>\n\n\n\n<p>Jos sinulla on tarina, kokemus tai kysymys, jonka haluaisit jakaa meille, voit kirjoittaa osoitteeseen <strong><a>toimisto@mvmry.fi<\/a><\/strong><\/p>\n\n\n\n<h2 class=\"wp-block-heading\"><strong>Lue KANTAMA-lehden numerot<\/strong><\/h2>\n\n\n\n<div data-wp-interactive=\"core\/file\" class=\"wp-block-file\"><object data-wp-bind--hidden=\"!state.hasPdfPreview\" hidden class=\"wp-block-file__embed\" data=\"https:\/\/mvmry.fi\/wp-content\/uploads\/2026\/04\/KANTAMA-04.2026-Suomi.pdf\" type=\"application\/pdf\" style=\"width:100%;height:600px\" aria-label=\"Tiedoston KANTAMA 04.2026 ( Suomi)  upotus.\"><\/object><a id=\"wp-block-file--media-3d60060c-5acd-4d88-802c-55e2b319d1ff\" href=\"https:\/\/mvmry.fi\/wp-content\/uploads\/2026\/04\/KANTAMA-04.2026-Suomi.pdf\">KANTAMA 04.2026 ( Suomi) <\/a><a href=\"https:\/\/mvmry.fi\/wp-content\/uploads\/2026\/04\/KANTAMA-04.2026-Suomi.pdf\" class=\"wp-block-file__button wp-element-button\" download aria-describedby=\"wp-block-file--media-3d60060c-5acd-4d88-802c-55e2b319d1ff\">Lataa<\/a><\/div>\n\n\n\n<div class=\"wp-block-file\"><a id=\"wp-block-file--media-781294f0-4955-4fdd-885f-5de2412bee50\" href=\"https:\/\/mvmry.fi\/wp-content\/uploads\/2026\/04\/KANTAMA-04.2026-selkosuomi.pdf\">KANTAMA 04.2026 (selkosuomi)<\/a><a href=\"https:\/\/mvmry.fi\/wp-content\/uploads\/2026\/04\/KANTAMA-04.2026-selkosuomi.pdf\" class=\"wp-block-file__button wp-element-button\" download aria-describedby=\"wp-block-file--media-781294f0-4955-4fdd-885f-5de2412bee50\">Lataa<\/a><\/div>\n\n\n\n<div class=\"wp-block-file\"><a id=\"wp-block-file--media-9587688c-8e1b-4ea0-80bf-4c35b285a6b6\" href=\"https:\/\/mvmry.fi\/wp-content\/uploads\/2026\/04\/KANTAMA-04.2026-englanti.pdf\">KANTAMA 04.2026 (englanti)<\/a><a href=\"https:\/\/mvmry.fi\/wp-content\/uploads\/2026\/04\/KANTAMA-04.2026-englanti.pdf\" class=\"wp-block-file__button wp-element-button\" download aria-describedby=\"wp-block-file--media-9587688c-8e1b-4ea0-80bf-4c35b285a6b6\">Lataa<\/a><\/div>\n\n\n\n<div class=\"wp-block-file\"><a id=\"wp-block-file--media-5382de9c-45db-458b-99b5-f75667b6104d\" href=\"https:\/\/mvmry.fi\/wp-content\/uploads\/2026\/04\/KANTAMA-04.2026-ukraina.pdf\">KANTAMA 04.2026 (ukraina)<\/a><a href=\"https:\/\/mvmry.fi\/wp-content\/uploads\/2026\/04\/KANTAMA-04.2026-ukraina.pdf\" class=\"wp-block-file__button wp-element-button\" download aria-describedby=\"wp-block-file--media-5382de9c-45db-458b-99b5-f75667b6104d\">Lataa<\/a><\/div>\n\n\n\n<div class=\"wp-block-file\"><a id=\"wp-block-file--media-0afe6685-daca-4adb-b1ca-6c71de55aca6\" href=\"https:\/\/mvmry.fi\/wp-content\/uploads\/2026\/04\/KANTAMA-04.2026-arabia.pdf\">KANTAMA 04.2026 (arabia)<\/a><a href=\"https:\/\/mvmry.fi\/wp-content\/uploads\/2026\/04\/KANTAMA-04.2026-arabia.pdf\" class=\"wp-block-file__button wp-element-button\" download aria-describedby=\"wp-block-file--media-0afe6685-daca-4adb-b1ca-6c71de55aca6\">Lataa<\/a><\/div>\n\n\n\n<div class=\"wp-block-file\"><a id=\"wp-block-file--media-0d284e58-5552-4fef-852b-c35259130a79\" href=\"https:\/\/mvmry.fi\/wp-content\/uploads\/2026\/04\/KANTAMA-04.2026-venaja.pdf\">KANTAMA 04.2026 (ven\u00e4j\u00e4)<\/a><a href=\"https:\/\/mvmry.fi\/wp-content\/uploads\/2026\/04\/KANTAMA-04.2026-venaja.pdf\" class=\"wp-block-file__button wp-element-button\" download aria-describedby=\"wp-block-file--media-0d284e58-5552-4fef-852b-c35259130a79\">Lataa<\/a><\/div>\n\n\n\n<div class=\"wp-block-file\"><a id=\"wp-block-file--media-18fd0eef-0303-4797-8165-7fa36452f1e4\" href=\"https:\/\/mvmry.fi\/wp-content\/uploads\/2026\/04\/KANTAMA-04.2026-somali.pdf\">KANTAMA 04.2026 (somali)<\/a><a href=\"https:\/\/mvmry.fi\/wp-content\/uploads\/2026\/04\/KANTAMA-04.2026-somali.pdf\" class=\"wp-block-file__button wp-element-button\" download aria-describedby=\"wp-block-file--media-18fd0eef-0303-4797-8165-7fa36452f1e4\">Lataa<\/a><\/div>\n\n\n\n<div class=\"wp-block-file\"><a id=\"wp-block-file--media-cbc98f06-256b-4209-9d38-0fdc0d68a13b\" href=\"https:\/\/mvmry.fi\/wp-content\/uploads\/2026\/04\/KANTAMA-04.2026-sorani.pdf\">KANTAMA 04.2026 (sorani)<\/a><a href=\"https:\/\/mvmry.fi\/wp-content\/uploads\/2026\/04\/KANTAMA-04.2026-sorani.pdf\" class=\"wp-block-file__button wp-element-button\" download aria-describedby=\"wp-block-file--media-cbc98f06-256b-4209-9d38-0fdc0d68a13b\">Lataa<\/a><\/div>\n\n\n\n<div class=\"wp-block-file\"><a id=\"wp-block-file--media-e6ea24fc-7c19-4d22-b127-a02841825707\" href=\"https:\/\/mvmry.fi\/wp-content\/uploads\/2026\/04\/KANTAMA-04.2026-kurmandzi.pdf\">KANTAMA 04.2026 (kurmand\u017ei)<\/a><a href=\"https:\/\/mvmry.fi\/wp-content\/uploads\/2026\/04\/KANTAMA-04.2026-kurmandzi.pdf\" class=\"wp-block-file__button wp-element-button\" download aria-describedby=\"wp-block-file--media-e6ea24fc-7c19-4d22-b127-a02841825707\">Lataa<\/a><\/div>\n\n\n\n<div class=\"wp-block-file\"><a id=\"wp-block-file--media-29550b02-b99d-42a7-a14a-5ff97d7f04cc\" href=\"https:\/\/mvmry.fi\/wp-content\/uploads\/2026\/04\/KANTAMA-04.2026-persia.pdf\">KANTAMA 04.2026 (persia)<\/a><a href=\"https:\/\/mvmry.fi\/wp-content\/uploads\/2026\/04\/KANTAMA-04.2026-persia.pdf\" class=\"wp-block-file__button wp-element-button\" download aria-describedby=\"wp-block-file--media-29550b02-b99d-42a7-a14a-5ff97d7f04cc\">Lataa<\/a><\/div>\n\n\n\n<div class=\"wp-block-file\"><a id=\"wp-block-file--media-2059a0f0-14bf-49a6-ad73-a85eac4f45f9\" href=\"https:\/\/mvmry.fi\/wp-content\/uploads\/2026\/04\/KANTAMA-04.2026-turkki.pdf\">KANTAMA 04.2026 (turkki)<\/a><a href=\"https:\/\/mvmry.fi\/wp-content\/uploads\/2026\/04\/KANTAMA-04.2026-turkki.pdf\" class=\"wp-block-file__button wp-element-button\" download aria-describedby=\"wp-block-file--media-2059a0f0-14bf-49a6-ad73-a85eac4f45f9\">Lataa<\/a><\/div>\n","protected":false},"excerpt":{"rendered":"<p>KANTAMA on yhdistyksemme oma julkaisu, joka kokoaa yhteen tietoa, tarinoita ja n\u00e4k\u00f6kulmia varautumisesta, turvallisuudesta, osallisuudesta ja yhteiskunnallisesta vaikuttamisesta. Lehden tavoitteena on tehd\u00e4 t\u00e4rkeist\u00e4 yhteiskunnallisista aiheista ymm\u00e4rrett\u00e4vi\u00e4 ja saavutettavia my\u00f6s niille, joille suomalainen turvallisuus- ja varautumiskentt\u00e4 on viel\u00e4 uusi. KANTAMA perustuu luotettavaan, viranomaisten ja asiantuntijoiden tuottamaan tietoon. Haluamme tarjota vaihtoehdon verkossa levi\u00e4v\u00e4lle ep\u00e4varmalle ja tarkistamattomalle tiedolle &hellip; <\/p>\n<p class=\"link-more\"><a href=\"https:\/\/mvmry.fi\/index.php\/kantama-lehti\/\" class=\"more-link\">Jatka lukemista<span class=\"screen-reader-text\"> &#8221;KANTAMA-lehti&#8221;<\/span><\/a><\/p>\n","protected":false},"author":1,"featured_media":0,"parent":0,"menu_order":0,"comment_status":"closed","ping_status":"closed","template":"","meta":{"footnotes":""},"class_list":["post-128","page","type-page","status-publish","hentry"],"_links":{"self":[{"href":"https:\/\/mvmry.fi\/index.php\/wp-json\/wp\/v2\/pages\/128","targetHints":{"allow":["GET"]}}],"collection":[{"href":"https:\/\/mvmry.fi\/index.php\/wp-json\/wp\/v2\/pages"}],"about":[{"href":"https:\/\/mvmry.fi\/index.php\/wp-json\/wp\/v2\/types\/page"}],"author":[{"embeddable":true,"href":"https:\/\/mvmry.fi\/index.php\/wp-json\/wp\/v2\/users\/1"}],"replies":[{"embeddable":true,"href":"https:\/\/mvmry.fi\/index.php\/wp-json\/wp\/v2\/comments?post=128"}],"version-history":[{"count":15,"href":"https:\/\/mvmry.fi\/index.php\/wp-json\/wp\/v2\/pages\/128\/revisions"}],"predecessor-version":[{"id":200,"href":"https:\/\/mvmry.fi\/index.php\/wp-json\/wp\/v2\/pages\/128\/revisions\/200"}],"wp:attachment":[{"href":"https:\/\/mvmry.fi\/index.php\/wp-json\/wp\/v2\/media?parent=128"}],"curies":[{"name":"wp","href":"https:\/\/api.w.org\/{rel}","templated":true}]}}