{"id":16,"date":"2026-01-25T11:33:12","date_gmt":"2026-01-25T11:33:12","guid":{"rendered":"https:\/\/mvmry.fi\/?page_id=16"},"modified":"2026-02-01T20:00:25","modified_gmt":"2026-02-01T20:00:25","slug":"ota-yhteytta","status":"publish","type":"page","link":"https:\/\/mvmry.fi\/index.php\/ota-yhteytta\/","title":{"rendered":"Ota yhteytt\u00e4"},"content":{"rendered":"\n<p>Tavoitat meid\u00e4t parhaiten s\u00e4hk\u00f6postitse. Ota rohkeasti yhteytt\u00e4 \u2013 vastaamme sinulle mahdollisimman pian.<\/p>\n\n\n\n<p><\/p>\n","protected":false},"excerpt":{"rendered":"<p>Tavoitat meid\u00e4t parhaiten s\u00e4hk\u00f6postitse. Ota rohkeasti yhteytt\u00e4 \u2013 vastaamme sinulle mahdollisimman pian.<\/p>\n","protected":false},"author":1,"featured_media":0,"parent":0,"menu_order":0,"comment_status":"closed","ping_status":"closed","template":"","meta":{"footnotes":""},"class_list":["post-16","page","type-page","status-publish","hentry"],"_links":{"self":[{"href":"https:\/\/mvmry.fi\/index.php\/wp-json\/wp\/v2\/pages\/16","targetHints":{"allow":["GET"]}}],"collection":[{"href":"https:\/\/mvmry.fi\/index.php\/wp-json\/wp\/v2\/pages"}],"about":[{"href":"https:\/\/mvmry.fi\/index.php\/wp-json\/wp\/v2\/types\/page"}],"author":[{"embeddable":true,"href":"https:\/\/mvmry.fi\/index.php\/wp-json\/wp\/v2\/users\/1"}],"replies":[{"embeddable":true,"href":"https:\/\/mvmry.fi\/index.php\/wp-json\/wp\/v2\/comments?post=16"}],"version-history":[{"count":2,"href":"https:\/\/mvmry.fi\/index.php\/wp-json\/wp\/v2\/pages\/16\/revisions"}],"predecessor-version":[{"id":97,"href":"https:\/\/mvmry.fi\/index.php\/wp-json\/wp\/v2\/pages\/16\/revisions\/97"}],"wp:attachment":[{"href":"https:\/\/mvmry.fi\/index.php\/wp-json\/wp\/v2\/media?parent=16"}],"curies":[{"name":"wp","href":"https:\/\/api.w.org\/{rel}","templated":true}]}}