{"id":168,"date":"2026-04-29T09:20:24","date_gmt":"2026-04-29T09:20:24","guid":{"rendered":"https:\/\/mvmry.fi\/?page_id=168"},"modified":"2026-04-29T09:43:38","modified_gmt":"2026-04-29T09:43:38","slug":"toiminta","status":"publish","type":"page","link":"https:\/\/mvmry.fi\/index.php\/toiminta\/","title":{"rendered":"Toiminta"},"content":{"rendered":"\n<p>Maahanmuuttajien Varautumis- ja Maanpuolustusyhdistys ry vahvistaa maahanmuuttajataustaisten ihmisten tietoa, osallisuutta ja toimintavalmiutta suomalaisessa yhteiskunnassa.<\/p>\n\n\n\n<p>Toimintamme keskittyy varautumiseen, kriisivalmiuteen, turvallisuustietoisuuteen ja yhteiskunnalliseen osallistumiseen. J\u00e4rjest\u00e4mme koulutuksia, ty\u00f6pajoja, infotilaisuuksia ja tapahtumia, joissa t\u00e4rke\u00e4\u00e4 tietoa k\u00e4sitell\u00e4\u00e4n selke\u00e4sti, k\u00e4yt\u00e4nn\u00f6nl\u00e4heisesti ja eri kieliryhm\u00e4t huomioiden.<\/p>\n\n\n\n<p>Haluamme tehd\u00e4 turvallisuudesta yhteisen asian. Kun ihmiset ymm\u00e4rt\u00e4v\u00e4t, miten toimia h\u00e4iri\u00f6tilanteissa, mist\u00e4 saa luotettavaa tietoa ja miten voi auttaa itse\u00e4\u00e4n, perhett\u00e4\u00e4n ja ymp\u00e4r\u00f6iv\u00e4\u00e4 yhteis\u00f6\u00e4, koko yhteiskunnan kriisinkest\u00e4vyys vahvistuu.<\/p>\n\n\n\n<p>Toiminnassamme yhdistyv\u00e4t luotettava viranomais- ja asiantuntijatieto, maahanmuuttajayhteis\u00f6jen omat kokemukset sek\u00e4 k\u00e4yt\u00e4nn\u00f6nl\u00e4heinen ohjaus. Rakennamme siltoja maahanmuuttajataustaisten ihmisten, viranomaisten, j\u00e4rjest\u00f6jen ja muiden toimijoiden v\u00e4lille.<\/p>\n\n\n\n<h2 class=\"wp-block-heading\"><strong>Ajankohtainen toiminta<\/strong><\/h2>\n\n\n\n<h3 class=\"wp-block-heading\"><strong>KANTAMA-lehti<\/strong><\/h3>\n\n\n\n<p>Huhtikuussa 2026 yhdistys julkaisi ensimm\u00e4isen <strong>KANTAMA-lehden<\/strong>. KANTAMA kokoaa yhteen luotettavaa tietoa, tarinoita ja n\u00e4k\u00f6kulmia varautumisesta, turvallisuudesta ja osallisuudesta. Lehti ilmestyy suomeksi, selkosuomeksi sek\u00e4 yhdeks\u00e4ll\u00e4 muulla kielell\u00e4.<\/p>\n\n\n\n<div class=\"wp-block-buttons is-content-justification-space-between is-layout-flex wp-container-core-buttons-is-layout-3d213aab wp-block-buttons-is-layout-flex\">\n<div class=\"wp-block-button\"><a class=\"wp-block-button__link wp-element-button\" href=\"https:\/\/mvmry.fi\/index.php\/kantama-lehti\/\">Lue lehti<\/a><\/div>\n<\/div>\n\n\n\n<h3 class=\"wp-block-heading\"><strong>Infotilaisuudet<\/strong><\/h3>\n\n\n\n<p>Toukokuusta 2026 alkaen j\u00e4rjest\u00e4mme p\u00e4\u00e4kaupunkiseudulla infotilaisuuksia varautumisesta ja vapaaehtoisesta maanpuolustuksesta. Tilaisuudet suunnataan seitsem\u00e4lle eri kieliryhm\u00e4lle ja kohderyhm\u00e4lle.<\/p>\n\n\n\n<p>Toiminnan rahoittajana toimii <strong>Urlus-s\u00e4\u00e4ti\u00f6<\/strong>.<\/p>\n\n\n\n<p>Aikataulut ja lis\u00e4tiedot julkaistaan my\u00f6hemmin.<\/p>\n","protected":false},"excerpt":{"rendered":"<p>Maahanmuuttajien Varautumis- ja Maanpuolustusyhdistys ry vahvistaa maahanmuuttajataustaisten ihmisten tietoa, osallisuutta ja toimintavalmiutta suomalaisessa yhteiskunnassa. Toimintamme keskittyy varautumiseen, kriisivalmiuteen, turvallisuustietoisuuteen ja yhteiskunnalliseen osallistumiseen. J\u00e4rjest\u00e4mme koulutuksia, ty\u00f6pajoja, infotilaisuuksia ja tapahtumia, joissa t\u00e4rke\u00e4\u00e4 tietoa k\u00e4sitell\u00e4\u00e4n selke\u00e4sti, k\u00e4yt\u00e4nn\u00f6nl\u00e4heisesti ja eri kieliryhm\u00e4t huomioiden. Haluamme tehd\u00e4 turvallisuudesta yhteisen asian. Kun ihmiset ymm\u00e4rt\u00e4v\u00e4t, miten toimia h\u00e4iri\u00f6tilanteissa, mist\u00e4 saa luotettavaa tietoa ja miten &hellip; <\/p>\n<p class=\"link-more\"><a href=\"https:\/\/mvmry.fi\/index.php\/toiminta\/\" class=\"more-link\">Jatka lukemista<span class=\"screen-reader-text\"> &#8221;Toiminta&#8221;<\/span><\/a><\/p>\n","protected":false},"author":1,"featured_media":0,"parent":0,"menu_order":0,"comment_status":"closed","ping_status":"closed","template":"","meta":{"footnotes":""},"class_list":["post-168","page","type-page","status-publish","hentry"],"_links":{"self":[{"href":"https:\/\/mvmry.fi\/index.php\/wp-json\/wp\/v2\/pages\/168","targetHints":{"allow":["GET"]}}],"collection":[{"href":"https:\/\/mvmry.fi\/index.php\/wp-json\/wp\/v2\/pages"}],"about":[{"href":"https:\/\/mvmry.fi\/index.php\/wp-json\/wp\/v2\/types\/page"}],"author":[{"embeddable":true,"href":"https:\/\/mvmry.fi\/index.php\/wp-json\/wp\/v2\/users\/1"}],"replies":[{"embeddable":true,"href":"https:\/\/mvmry.fi\/index.php\/wp-json\/wp\/v2\/comments?post=168"}],"version-history":[{"count":4,"href":"https:\/\/mvmry.fi\/index.php\/wp-json\/wp\/v2\/pages\/168\/revisions"}],"predecessor-version":[{"id":176,"href":"https:\/\/mvmry.fi\/index.php\/wp-json\/wp\/v2\/pages\/168\/revisions\/176"}],"wp:attachment":[{"href":"https:\/\/mvmry.fi\/index.php\/wp-json\/wp\/v2\/media?parent=168"}],"curies":[{"name":"wp","href":"https:\/\/api.w.org\/{rel}","templated":true}]}}