{"id":18,"date":"2026-01-25T11:33:12","date_gmt":"2026-01-25T11:33:12","guid":{"rendered":"https:\/\/mvmry.fi\/?page_id=18"},"modified":"2026-01-25T11:33:12","modified_gmt":"2026-01-25T11:33:12","slug":"etusivuosio","status":"publish","type":"page","link":"https:\/\/mvmry.fi\/index.php\/etusivuosio\/","title":{"rendered":"Etusivuosio"},"content":{"rendered":"\n<p>T\u00e4m\u00e4 on esimerkki etusivuosiosta. Mik\u00e4 tahansa sivu voidaan n\u00e4ytt\u00e4\u00e4 etusivuosiossa, lukuunottamatta etusivua itse\u00e4\u00e4n.<\/p>\n","protected":false},"excerpt":{"rendered":"<p>T\u00e4m\u00e4 on esimerkki etusivuosiosta. Mik\u00e4 tahansa sivu voidaan n\u00e4ytt\u00e4\u00e4 etusivuosiossa, lukuunottamatta etusivua itse\u00e4\u00e4n.<\/p>\n","protected":false},"author":1,"featured_media":11,"parent":0,"menu_order":0,"comment_status":"closed","ping_status":"closed","template":"","meta":{"footnotes":""},"class_list":["post-18","page","type-page","status-publish","has-post-thumbnail","hentry"],"_links":{"self":[{"href":"https:\/\/mvmry.fi\/index.php\/wp-json\/wp\/v2\/pages\/18","targetHints":{"allow":["GET"]}}],"collection":[{"href":"https:\/\/mvmry.fi\/index.php\/wp-json\/wp\/v2\/pages"}],"about":[{"href":"https:\/\/mvmry.fi\/index.php\/wp-json\/wp\/v2\/types\/page"}],"author":[{"embeddable":true,"href":"https:\/\/mvmry.fi\/index.php\/wp-json\/wp\/v2\/users\/1"}],"replies":[{"embeddable":true,"href":"https:\/\/mvmry.fi\/index.php\/wp-json\/wp\/v2\/comments?post=18"}],"version-history":[{"count":1,"href":"https:\/\/mvmry.fi\/index.php\/wp-json\/wp\/v2\/pages\/18\/revisions"}],"predecessor-version":[{"id":34,"href":"https:\/\/mvmry.fi\/index.php\/wp-json\/wp\/v2\/pages\/18\/revisions\/34"}],"wp:featuredmedia":[{"embeddable":true,"href":"https:\/\/mvmry.fi\/index.php\/wp-json\/wp\/v2\/media\/11"}],"wp:attachment":[{"href":"https:\/\/mvmry.fi\/index.php\/wp-json\/wp\/v2\/media?parent=18"}],"curies":[{"name":"wp","href":"https:\/\/api.w.org\/{rel}","templated":true}]}}