{"id":78,"date":"2026-02-01T19:14:35","date_gmt":"2026-02-01T19:14:35","guid":{"rendered":"https:\/\/mvmry.fi\/?page_id=78"},"modified":"2026-02-01T21:09:09","modified_gmt":"2026-02-01T21:09:09","slug":"yhteistyo","status":"publish","type":"page","link":"https:\/\/mvmry.fi\/index.php\/yhteistyo\/","title":{"rendered":"Yhteisty\u00f6"},"content":{"rendered":"\n<h2 class=\"wp-block-heading\"><\/h2>\n\n\n\n<p>Maahanmuuttajien Varautumis- ja Maanpuolustusyhdistys MVM ry on vasta aloittanut aktiivisen toimintansa. Teemme t\u00e4ll\u00e4 hetkell\u00e4 tiivist\u00e4 yhteisty\u00f6t\u00e4 <strong>Maanpuolustuskoulutusyhdistyksen (MPK)<\/strong> sek\u00e4 <strong>maanpuolustuskiltojen<\/strong> kanssa.<\/p>\n\n\n\n<p>Rakennamme valtakunnallista verkostoa ja kehit\u00e4mme toimintaamme yhteisty\u00f6ss\u00e4 eri yhdistysten, viranomaisten ja asiantuntijoiden kanssa. Olemme avoimia uudelle yhteisty\u00f6lle sellaisten toimijoiden kanssa, joilla on kanssamme <strong>yhteinen p\u00e4\u00e4m\u00e4\u00e4r\u00e4 ja samat arvot<\/strong>: yhteiskunnan turvallisuuden vahvistaminen, varautumisen kehitt\u00e4minen ja vastuullinen osallistuminen.<\/p>\n\n\n\n<p>Otamme mielell\u00e4mme vastaan yhteydenottoja ja yhteisty\u00f6ehdotuksia.<\/p>\n\n\n\n<p><\/p>\n","protected":false},"excerpt":{"rendered":"<p>Maahanmuuttajien Varautumis- ja Maanpuolustusyhdistys MVM ry on vasta aloittanut aktiivisen toimintansa. Teemme t\u00e4ll\u00e4 hetkell\u00e4 tiivist\u00e4 yhteisty\u00f6t\u00e4 Maanpuolustuskoulutusyhdistyksen (MPK) sek\u00e4 maanpuolustuskiltojen kanssa. Rakennamme valtakunnallista verkostoa ja kehit\u00e4mme toimintaamme yhteisty\u00f6ss\u00e4 eri yhdistysten, viranomaisten ja asiantuntijoiden kanssa. Olemme avoimia uudelle yhteisty\u00f6lle sellaisten toimijoiden kanssa, joilla on kanssamme yhteinen p\u00e4\u00e4m\u00e4\u00e4r\u00e4 ja samat arvot: yhteiskunnan turvallisuuden vahvistaminen, varautumisen kehitt\u00e4minen ja &hellip; <\/p>\n<p class=\"link-more\"><a href=\"https:\/\/mvmry.fi\/index.php\/yhteistyo\/\" class=\"more-link\">Jatka lukemista<span class=\"screen-reader-text\"> &#8221;Yhteisty\u00f6&#8221;<\/span><\/a><\/p>\n","protected":false},"author":1,"featured_media":0,"parent":0,"menu_order":0,"comment_status":"closed","ping_status":"closed","template":"","meta":{"footnotes":""},"class_list":["post-78","page","type-page","status-publish","hentry"],"_links":{"self":[{"href":"https:\/\/mvmry.fi\/index.php\/wp-json\/wp\/v2\/pages\/78","targetHints":{"allow":["GET"]}}],"collection":[{"href":"https:\/\/mvmry.fi\/index.php\/wp-json\/wp\/v2\/pages"}],"about":[{"href":"https:\/\/mvmry.fi\/index.php\/wp-json\/wp\/v2\/types\/page"}],"author":[{"embeddable":true,"href":"https:\/\/mvmry.fi\/index.php\/wp-json\/wp\/v2\/users\/1"}],"replies":[{"embeddable":true,"href":"https:\/\/mvmry.fi\/index.php\/wp-json\/wp\/v2\/comments?post=78"}],"version-history":[{"count":1,"href":"https:\/\/mvmry.fi\/index.php\/wp-json\/wp\/v2\/pages\/78\/revisions"}],"predecessor-version":[{"id":79,"href":"https:\/\/mvmry.fi\/index.php\/wp-json\/wp\/v2\/pages\/78\/revisions\/79"}],"wp:attachment":[{"href":"https:\/\/mvmry.fi\/index.php\/wp-json\/wp\/v2\/media?parent=78"}],"curies":[{"name":"wp","href":"https:\/\/api.w.org\/{rel}","templated":true}]}}